{"id":15,"date":"2024-02-14T13:38:02","date_gmt":"2024-02-14T18:38:02","guid":{"rendered":"https:\/\/glowhitsrecords.com\/?page_id=15"},"modified":"2024-02-14T19:51:58","modified_gmt":"2024-02-15T00:51:58","slug":"servicios","status":"publish","type":"page","link":"https:\/\/glowhitsrecords.com\/index.php\/servicios\/","title":{"rendered":"SERVICIOS"},"content":{"rendered":"\n<div class=\"wp-block-columns is-layout-flex wp-container-core-columns-layout-2 wp-block-columns-is-layout-flex\">\n<div class=\"wp-block-column is-layout-flow wp-block-column-is-layout-flow\">\n<figure class=\"wp-block-image size-large\"><img loading=\"lazy\" decoding=\"async\" width=\"1024\" height=\"1024\" src=\"https:\/\/glowhitsrecords.com\/wp-content\/uploads\/2024\/02\/Digital-Marketing-1-1024x1024.jpg\" alt=\"\" class=\"wp-image-20\" srcset=\"https:\/\/glowhitsrecords.com\/wp-content\/uploads\/2024\/02\/Digital-Marketing-1-1024x1024.jpg 1024w, https:\/\/glowhitsrecords.com\/wp-content\/uploads\/2024\/02\/Digital-Marketing-1-300x300.jpg 300w, https:\/\/glowhitsrecords.com\/wp-content\/uploads\/2024\/02\/Digital-Marketing-1-150x150.jpg 150w, https:\/\/glowhitsrecords.com\/wp-content\/uploads\/2024\/02\/Digital-Marketing-1-768x768.jpg 768w, https:\/\/glowhitsrecords.com\/wp-content\/uploads\/2024\/02\/Digital-Marketing-1-1536x1536.jpg 1536w, https:\/\/glowhitsrecords.com\/wp-content\/uploads\/2024\/02\/Digital-Marketing-1.jpg 2000w\" sizes=\"(max-width: 1024px) 100vw, 1024px\" \/><\/figure>\n<\/div>\n\n\n\n<div class=\"wp-block-column is-vertically-aligned-center is-layout-flow wp-block-column-is-layout-flow\">\n<p class=\"has-text-align-center has-medium-font-size\"><br>Nuestro papel principal es crear una estrategia personalizada para nutrir y hacer crecer tu marca con el fin maximizar y capitalizar tu presencia en la industria musical.<\/p>\n\n\n\n<div class=\"wp-block-columns is-layout-flex wp-container-core-columns-layout-1 wp-block-columns-is-layout-flex\">\n<div class=\"wp-block-column is-layout-flow wp-block-column-is-layout-flow\"><\/div>\n<\/div>\n<\/div>\n<\/div>\n\n\n\n<div class=\"wp-block-columns is-layout-flex wp-container-core-columns-layout-3 wp-block-columns-is-layout-flex\">\n<div class=\"wp-block-column is-layout-flow wp-block-column-is-layout-flow\">\n<figure class=\"wp-block-image size-large\"><img loading=\"lazy\" decoding=\"async\" width=\"1024\" height=\"1024\" src=\"https:\/\/glowhitsrecords.com\/wp-content\/uploads\/2024\/02\/Estudio-de-grabacion-1-1024x1024.jpg\" alt=\"\" class=\"wp-image-34\" srcset=\"https:\/\/glowhitsrecords.com\/wp-content\/uploads\/2024\/02\/Estudio-de-grabacion-1-1024x1024.jpg 1024w, https:\/\/glowhitsrecords.com\/wp-content\/uploads\/2024\/02\/Estudio-de-grabacion-1-300x300.jpg 300w, https:\/\/glowhitsrecords.com\/wp-content\/uploads\/2024\/02\/Estudio-de-grabacion-1-150x150.jpg 150w, https:\/\/glowhitsrecords.com\/wp-content\/uploads\/2024\/02\/Estudio-de-grabacion-1-768x768.jpg 768w, https:\/\/glowhitsrecords.com\/wp-content\/uploads\/2024\/02\/Estudio-de-grabacion-1-1536x1536.jpg 1536w, https:\/\/glowhitsrecords.com\/wp-content\/uploads\/2024\/02\/Estudio-de-grabacion-1.jpg 2000w\" sizes=\"(max-width: 1024px) 100vw, 1024px\" \/><\/figure>\n<\/div>\n\n\n\n<div class=\"wp-block-column is-layout-flow wp-block-column-is-layout-flow\">\n<p><\/p>\n\n\n\n<p><\/p>\n\n\n\n<p><\/p>\n\n\n\n<p><\/p>\n\n\n\n<p class=\"has-text-align-center has-medium-font-size\">Nuestras producciones musicales cumplen con los m\u00e1s altos est\u00e1ndares de calidad del mercado internacional actual y son procesadas utilizando equipos de \u00faltima tecnolog\u00eda. Creamos paquetes completos que incluyen todo lo necesario para lanzar un proyecto musical como producto, con el objetivo de conectar con tus audiencias potenciales.<\/p>\n<\/div>\n<\/div>\n\n\n\n<div class=\"wp-block-columns is-layout-flex wp-container-core-columns-layout-4 wp-block-columns-is-layout-flex\">\n<div class=\"wp-block-column is-layout-flow wp-block-column-is-layout-flow\">\n<figure class=\"wp-block-image size-large\"><img loading=\"lazy\" decoding=\"async\" width=\"1024\" height=\"1024\" src=\"https:\/\/glowhitsrecords.com\/wp-content\/uploads\/2024\/02\/FOTO-ESTUDIO-copia-1-1024x1024.jpg\" alt=\"\" class=\"wp-image-57\" srcset=\"https:\/\/glowhitsrecords.com\/wp-content\/uploads\/2024\/02\/FOTO-ESTUDIO-copia-1-1024x1024.jpg 1024w, https:\/\/glowhitsrecords.com\/wp-content\/uploads\/2024\/02\/FOTO-ESTUDIO-copia-1-300x300.jpg 300w, https:\/\/glowhitsrecords.com\/wp-content\/uploads\/2024\/02\/FOTO-ESTUDIO-copia-1-150x150.jpg 150w, https:\/\/glowhitsrecords.com\/wp-content\/uploads\/2024\/02\/FOTO-ESTUDIO-copia-1-768x768.jpg 768w, https:\/\/glowhitsrecords.com\/wp-content\/uploads\/2024\/02\/FOTO-ESTUDIO-copia-1-1536x1536.jpg 1536w, https:\/\/glowhitsrecords.com\/wp-content\/uploads\/2024\/02\/FOTO-ESTUDIO-copia-1.jpg 2000w\" sizes=\"(max-width: 1024px) 100vw, 1024px\" \/><\/figure>\n<\/div>\n\n\n\n<div class=\"wp-block-column is-layout-flow wp-block-column-is-layout-flow\">\n<p><\/p>\n\n\n\n<p><\/p>\n\n\n\n<p><\/p>\n\n\n\n<p><\/p>\n\n\n\n<p><\/p>\n\n\n\n<p class=\"has-text-align-center has-medium-font-size\">Llevamos tu m\u00fasica a todas las plataformas de streaming m\u00e1s importantes como Spotify, Apple Music, YouTube, Facebook, Deezer, Amazon Music y muchas m\u00e1s.<\/p>\n<\/div>\n<\/div>\n","protected":false},"excerpt":{"rendered":"<p>Nuestro papel principal es crear una estrategia personalizada para nutrir y hacer crecer tu marca con el fin maximizar y capitalizar tu presencia en la industria musical. Nuestras producciones musicales cumplen con los m\u00e1s altos est\u00e1ndares de calidad del mercado internacional actual y son procesadas utilizando equipos de \u00faltima tecnolog\u00eda. Creamos paquetes completos que incluyen&hellip;&nbsp;<a href=\"https:\/\/glowhitsrecords.com\/index.php\/servicios\/\" class=\"\" rel=\"bookmark\">Read More &raquo;<span class=\"screen-reader-text\">SERVICIOS<\/span><\/a><\/p>\n","protected":false},"author":1,"featured_media":0,"parent":0,"menu_order":0,"comment_status":"closed","ping_status":"closed","template":"","meta":{"om_disable_all_campaigns":false,"_monsterinsights_skip_tracking":false,"_monsterinsights_sitenote_active":false,"_monsterinsights_sitenote_note":"","_monsterinsights_sitenote_category":0,"neve_meta_sidebar":"","neve_meta_container":"","neve_meta_enable_content_width":"","neve_meta_content_width":0,"neve_meta_title_alignment":"","neve_meta_author_avatar":"","neve_post_elements_order":"","neve_meta_disable_header":"","neve_meta_disable_footer":"","neve_meta_disable_title":"","neve_meta_reading_time":"","footnotes":""},"aioseo_notices":[],"_links":{"self":[{"href":"https:\/\/glowhitsrecords.com\/index.php\/wp-json\/wp\/v2\/pages\/15"}],"collection":[{"href":"https:\/\/glowhitsrecords.com\/index.php\/wp-json\/wp\/v2\/pages"}],"about":[{"href":"https:\/\/glowhitsrecords.com\/index.php\/wp-json\/wp\/v2\/types\/page"}],"author":[{"embeddable":true,"href":"https:\/\/glowhitsrecords.com\/index.php\/wp-json\/wp\/v2\/users\/1"}],"replies":[{"embeddable":true,"href":"https:\/\/glowhitsrecords.com\/index.php\/wp-json\/wp\/v2\/comments?post=15"}],"version-history":[{"count":6,"href":"https:\/\/glowhitsrecords.com\/index.php\/wp-json\/wp\/v2\/pages\/15\/revisions"}],"predecessor-version":[{"id":58,"href":"https:\/\/glowhitsrecords.com\/index.php\/wp-json\/wp\/v2\/pages\/15\/revisions\/58"}],"wp:attachment":[{"href":"https:\/\/glowhitsrecords.com\/index.php\/wp-json\/wp\/v2\/media?parent=15"}],"curies":[{"name":"wp","href":"https:\/\/api.w.org\/{rel}","templated":true}]}}